{"id":1588,"date":"2023-07-04T21:01:02","date_gmt":"2023-07-04T21:01:02","guid":{"rendered":"https:\/\/quintadocalvario.pt\/wp\/?page_id=1588"},"modified":"2024-12-02T21:27:42","modified_gmt":"2024-12-02T21:27:42","slug":"quarto-4","status":"publish","type":"page","link":"https:\/\/quintadocalvario.pt\/wp\/quarto-4\/","title":{"rendered":"Quarto 4"},"content":{"rendered":"<p>[vc_row][vc_column][vc_empty_space][\/vc_column][\/vc_row][vc_row][vc_column width=&#8221;1\/2&#8243;]<div id=\"ult-carousel-28233086546a087087b9390\" class=\"ult-carousel-wrapper   ult_horizontal\" data-gutter=\"15\" data-rtl=\"false\" ><div class=\"ult-carousel-29119573976a087087b9323 \" >[vc_single_image image=&#8221;1523&#8243; img_size=&#8221;full&#8221;][vc_single_image image=&#8221;1524&#8243; img_size=&#8221;full&#8221;]<\/div><\/div>\t\t\t<script type=\"text\/javascript\">\r\n\t\t\t\tjQuery(document).ready(function ($) {\r\n\t\t\t\t\tif( typeof jQuery('.ult-carousel-29119573976a087087b9323').slick == \"function\"){\r\n\t\t\t\t\t\t$('.ult-carousel-29119573976a087087b9323').slick({dots: true,autoplay: true,autoplaySpeed: 5000,speed: 300,infinite: true,arrows: false,slidesToScroll:1,slidesToShow:1,swipe: true,draggable: true,touchMove: true,pauseOnHover: true,pauseOnFocus: false,responsive: [\r\n\t\t\t\t\t\t\t{\r\n\t\t\t\t\t\t\t  breakpoint: 1026,\r\n\t\t\t\t\t\t\t  settings: {\r\n\t\t\t\t\t\t\t\tslidesToShow: 1,\r\n\t\t\t\t\t\t\t\tslidesToScroll: 1,  \r\n\t\t\t\t\t\t\t  }\r\n\t\t\t\t\t\t\t},\r\n\t\t\t\t\t\t\t{\r\n\t\t\t\t\t\t\t  breakpoint: 1025,\r\n\t\t\t\t\t\t\t  settings: {\r\n\t\t\t\t\t\t\t\tslidesToShow: 1,\r\n\t\t\t\t\t\t\t\tslidesToScroll: 1\r\n\t\t\t\t\t\t\t  }\r\n\t\t\t\t\t\t\t},\r\n\t\t\t\t\t\t\t{\r\n\t\t\t\t\t\t\t  breakpoint: 760,\r\n\t\t\t\t\t\t\t  settings: {\r\n\t\t\t\t\t\t\t\tslidesToShow: 1,\r\n\t\t\t\t\t\t\t\tslidesToScroll: 1\r\n\t\t\t\t\t\t\t  }\r\n\t\t\t\t\t\t\t}\r\n\t\t\t\t\t\t],pauseOnDotsHover: true,customPaging: function(slider, i) {\r\n                   return '<i type=\"button\" style= \"color:#333333;\" class=\"ultsl-record\" data-role=\"none\"><\/i>';\r\n                },});\r\n\t\t\t\t\t}\r\n\t\t\t\t});\r\n\t\t\t<\/script>\r\n\t\t\t[vc_empty_space][\/vc_column][vc_column width=&#8221;1\/2&#8243;][vc_custom_heading text=&#8221;QUARTO 4&#8243; font_container=&#8221;tag:h4|text_align:left&#8221; use_theme_fonts=&#8221;yes&#8221;][vc_custom_heading text=&#8221;Quarto com cama de casal ou 2 individuais, com ar condicionado e SmartTv com liga\u00e7\u00e3o wireless.<\/p>\n<p>Decora\u00e7\u00e3o minimalista, onde predominam os tons de madeira e elementos naturais do burel, trazendo equil\u00edbrio e harmonia ao ambiente<\/p>\n<p>* Capacidade para 2<br \/>\n* Pre\u00e7os sob consulta<br \/>\n* Possibilidade de colocar um ber\u00e7o para crian\u00e7as at\u00e9 aos 4 anos sem custo adicional&#8221; font_container=&#8221;tag:p|text_align:left&#8221; use_theme_fonts=&#8221;yes&#8221;][\/vc_column][\/vc_row][vc_row][vc_column][vc_empty_space][\/vc_column][\/vc_row]<\/p>\n","protected":false},"excerpt":{"rendered":"<p>[vc_row][vc_column][vc_empty_space][\/vc_column][\/vc_row][vc_row][vc_column width=&#8221;1\/2&#8243;][vc_empty_space][\/vc_column][vc_column width=&#8221;1\/2&#8243;][vc_custom_heading text=&#8221;QUARTO 4&#8243; font_container=&#8221;tag:h4|text_align:left&#8221; use_theme_fonts=&#8221;yes&#8221;][vc_custom_heading text=&#8221;Quarto com cama de casal ou 2 individuais, com ar condicionado e SmartTv com liga\u00e7\u00e3o wireless. Decora\u00e7\u00e3o minimalista, onde predominam os tons de madeira e elementos naturais do burel, trazendo equil\u00edbrio e harmonia ao ambiente * Capacidade para 2 * Pre\u00e7os sob consulta * Possibilidade de colocar um [&hellip;]<\/p>\n","protected":false},"author":1,"featured_media":0,"parent":0,"menu_order":0,"comment_status":"closed","ping_status":"closed","template":"page.php","meta":{"footnotes":""},"class_list":["post-1588","page","type-page","status-publish","hentry"],"_links":{"self":[{"href":"https:\/\/quintadocalvario.pt\/wp\/wp-json\/wp\/v2\/pages\/1588","targetHints":{"allow":["GET"]}}],"collection":[{"href":"https:\/\/quintadocalvario.pt\/wp\/wp-json\/wp\/v2\/pages"}],"about":[{"href":"https:\/\/quintadocalvario.pt\/wp\/wp-json\/wp\/v2\/types\/page"}],"author":[{"embeddable":true,"href":"https:\/\/quintadocalvario.pt\/wp\/wp-json\/wp\/v2\/users\/1"}],"replies":[{"embeddable":true,"href":"https:\/\/quintadocalvario.pt\/wp\/wp-json\/wp\/v2\/comments?post=1588"}],"version-history":[{"count":4,"href":"https:\/\/quintadocalvario.pt\/wp\/wp-json\/wp\/v2\/pages\/1588\/revisions"}],"predecessor-version":[{"id":1737,"href":"https:\/\/quintadocalvario.pt\/wp\/wp-json\/wp\/v2\/pages\/1588\/revisions\/1737"}],"wp:attachment":[{"href":"https:\/\/quintadocalvario.pt\/wp\/wp-json\/wp\/v2\/media?parent=1588"}],"curies":[{"name":"wp","href":"https:\/\/api.w.org\/{rel}","templated":true}]}}